{"id":14,"date":"2022-10-11T07:54:41","date_gmt":"2022-10-11T07:54:41","guid":{"rendered":"https:\/\/samantha-demo.bslthemes.com\/?page_id=14"},"modified":"2025-07-17T23:52:26","modified_gmt":"2025-07-17T23:52:26","slug":"home","status":"publish","type":"page","link":"https:\/\/easylife.digi-prod.fr\/","title":{"rendered":"Home"},"content":{"rendered":"\t\t<div data-elementor-type=\"wp-page\" data-elementor-id=\"14\" class=\"elementor elementor-14\">\n\t\t\t\t\t\t<section class=\"elementor-section elementor-top-section elementor-element elementor-element-a93442c elementor-section-full_width elementor-section-height-default elementor-section-height-default\" data-id=\"a93442c\" data-element_type=\"section\">\n\t\t\t\t\t\t<div class=\"elementor-container elementor-column-gap-no\">\n\t\t\t\t\t<div class=\"elementor-column elementor-col-100 elementor-top-column elementor-element elementor-element-acfeccf\" data-id=\"acfeccf\" data-element_type=\"column\">\n\t\t\t<div class=\"elementor-widget-wrap\">\n\t\t\t\t\t\t\t<\/div>\n\t\t<\/div>\n\t\t\t\t\t<\/div>\n\t\t<\/section>\n\t\t\t\t<section class=\"elementor-section elementor-top-section elementor-element elementor-element-5bbb256 elementor-section-full_width elementor-section-height-default elementor-section-height-default\" data-id=\"5bbb256\" data-element_type=\"section\">\n\t\t\t\t\t\t<div class=\"elementor-container elementor-column-gap-no\">\n\t\t\t\t\t<div class=\"elementor-column elementor-col-100 elementor-top-column elementor-element elementor-element-9f45730\" data-id=\"9f45730\" data-element_type=\"column\">\n\t\t\t<div class=\"elementor-widget-wrap elementor-element-populated\">\n\t\t\t\t\t\t<div class=\"elementor-element elementor-element-ac74856 elementor-widget elementor-widget-samantha-featured-one\" data-id=\"ac74856\" data-element_type=\"widget\" data-widget_type=\"samantha-featured-one.default\">\n\t\t\t\t<div class=\"elementor-widget-container\">\n\t\t\t\t\t\n\t\t<section class=\"featured-one\" style=\"background-image: url('https:\/\/easylife.digi-prod.fr\/wp-content\/uploads\/2025\/07\/blur3.png');\">\n\t\t  <div class=\"container\">\n\t\t    <div class=\"row align-items-center\">\n\t\t      <div class=\"col-lg-8 col-md-12 col-sm-12\">\n\t\t        <div class=\"build\">\n\t\t\t\t\t\t\t\t\t          <h2>\n\t\t\t\t\t\t\t\t<span >\n\t        \t\t\t\tL'aide \u00e0 domicile<br> la plus muscl\u00e9e<br> du quotidien !\t        \t\t\t<\/span>\n\t\t\t\t\t\t\t<\/h2>\n\t\t\t\t\t\t\t\t\t\t\t\t\t\t\t\t\t\t\t\t\t<div >\n        \t\t\t  <p>Enfin une soci\u00e9t\u00e9 d'aide \u00e0 domicile qui casse les codes... vos t\u00e2ches m\u00e9nag\u00e8res n\u2019auront jamais \u00e9t\u00e9 aussi spectaculaires !<\/p>        \t\t\t<\/div>\n\t\t\t\t\t\t\t\t\t\t\t\t\t\t\t\t          <a href=\"https:\/\/easylife.digi-prod.fr\/index.php\/appointment\/\" class=\"button\">\n\t\t\t\t\t\t\t\t<span >\n\t        \t\t\t\tDevis gratuit\t        \t\t\t<\/span>\n\t\t\t\t\t\t\t<\/a>\n\t\t\t\t\t\t\t\t\t        <\/div>\n\t\t        <div class=\"img-girl\">\n\t\t\t\t\t\t\t\t\t          <img decoding=\"async\" alt=\"my photo\" src=\"https:\/\/easylife.digi-prod.fr\/wp-content\/uploads\/2025\/07\/output-950x1425.png\" \/>\n\t\t\t\t\t\t\t\t\t        <\/div>\n\t\t      <\/div>\n\t\t      <div class=\"col-lg-4\">\n\t\t        <div class=\"points1\">\n\t\t\t\t\t\t\t\t\t          <img decoding=\"async\" alt=\"points\" src=\"https:\/\/easylife.digi-prod.fr\/wp-content\/uploads\/2022\/10\/Points1.png\" \/>\n\t\t\t\t\t\t\t\t\t\t\t\t\t\t\t\t          <h6>\n\t\t\t\t\t\t\t\t<span >\n\t        \t\t\t\tPremi\u00e8re intervention : il a d\u00e9bouch\u00e9 mon \u00e9vier obstru\u00e9 depuis 3 mois en d\u00e9montant tout le siphon. Depuis, plus de soucis ! Et il a m\u00eame fait tout le repassage...\t        \t\t\t<\/span>\n\t\t\t\t\t\t\t<\/h6>\n\t\t\t\t\t\t\t\t\t        <\/div>\n\t\t\t\t\t\t\t\t        <div class=\"duis\">\n\t\t\t\t\t\t\t\t\t\t\t\t\t\t<a data-fancybox=\"\" href=\"https:\/\/www.youtube.com\/watch?v=Vr3h5X9kmUo\">\n\t              <img decoding=\"async\" alt=\"video\" src=\"https:\/\/easylife.digi-prod.fr\/wp-content\/uploads\/2025\/07\/easylife2-950x765.png\" \/>\n\t\t\t\t  <i class=\"fas fa-play\"><\/i>\n\t            <\/a>\n\t\t\t\t\t\t\t\t\t\t\t\t\t\t\t\t          <h4>\n\t\t\t\t\t\t\t\t<span >\n\t\t\t\t\t\t\t\t\tNos muscles \u00e0 l\u2019\u0153uvre\t\t\t\t\t\t\t\t<\/span>\n\t\t\t\t\t\t\t<\/h4>\n\t\t\t\t\t\t\t\t\t\t\t\t\t\t\t\t          <p>\n\t\t\t\t\t\t\t\t<span >\n\t\t\t\t\t\t\t\t\tD\u00e9couvrez en 1 minutes comment EasyLife transforme le quotidien de ses clients.\t\t\t\t\t\t\t\t<\/span>\n\t\t\t\t\t\t\t<\/p>\n\t\t\t\t\t\t\t\t\t        <\/div>\n\t\t\t\t\t\t\t\t      <\/div>\n\t\t\t\t\t\t\t      <div class=\"col-lg-9\">\n\t\t        <ul class=\"funfact\">\n\t\t\t\t\t\t\t\t\t\t\t\t\t\t<li>\n\t\t            <h2 class=\"timer count-title count-number\" data-to=\"44\" data-speed=\"1500\">\n\t\t\t\t\t\t\t\t\t<span >\n\t\t\t\t\t\t\t\t\t\t44\t\t\t\t\t\t\t\t\t<\/span>\n\t\t\t\t\t\t\t\t<\/h2>\n\t\t            <p>\n\t\t\t\t\t\t\t\t\t<span >\n\t\t\t\t\t\t\t\t\t\tassistants bodybuild\u00e9s \t\t\t\t\t\t\t\t\t<\/span>\n\t\t\t\t\t\t\t\t<\/p>\n\t\t          <\/li>\n\t\t\t\t\t\t\t\t\t\t\t\t\t\t<li>\n\t\t            <h2 class=\"timer count-title count-number\" data-to=\"8\" data-speed=\"1500\">\n\t\t\t\t\t\t\t\t\t<span >\n\t\t\t\t\t\t\t\t\t\t8\t\t\t\t\t\t\t\t\t<\/span>\n\t\t\t\t\t\t\t\t<\/h2>\n\t\t            <p>\n\t\t\t\t\t\t\t\t\t<span >\n\t\t\t\t\t\t\t\t\t\tans d'exp\u00e9rience\t\t\t\t\t\t\t\t\t<\/span>\n\t\t\t\t\t\t\t\t<\/p>\n\t\t          <\/li>\n\t\t\t\t\t\t\t\t\t\t\t\t\t\t<li>\n\t\t            <h2 class=\"timer count-title count-number\" data-to=\"455\" data-speed=\"1500\">\n\t\t\t\t\t\t\t\t\t<span >\n\t\t\t\t\t\t\t\t\t\t455\t\t\t\t\t\t\t\t\t<\/span>\n\t\t\t\t\t\t\t\t<\/h2>\n\t\t            <p>\n\t\t\t\t\t\t\t\t\t<span >\n\t\t\t\t\t\t\t\t\t\tClients s\u00e9duits\t\t\t\t\t\t\t\t\t<\/span>\n\t\t\t\t\t\t\t\t<\/p>\n\t\t          <\/li>\n\t\t\t\t\t\t\t\t\t        <\/ul>\n\t\t      <\/div>\n\t\t\t\t\t\t\t   <\/div>\n\t\t  <\/div>\n\t\t<\/section>\n\n\t\t\t\t\t\t<\/div>\n\t\t\t\t<\/div>\n\t\t\t\t<div class=\"elementor-element elementor-element-1370a33 elementor-widget elementor-widget-samantha-about-us\" data-id=\"1370a33\" data-element_type=\"widget\" data-widget_type=\"samantha-about-us.default\">\n\t\t\t\t<div class=\"elementor-widget-container\">\n\t\t\t\t\t\n\t\t<section class=\"about-section gap\">\n\t\t  <div class=\"container\">\n\t\t    <div class=\"row align-items-center\">\n\t\t      <div class=\"col-lg-6 col-md-12 col-sm-12\" data-aos=\"fade-right\"  data-aos-delay=\"200\" data-aos-duration=\"400\">\n\t\t        <div class=\"photo-section hover-style\">\n\t\t\t\t\t\t\t\t\t\t\t\t\t\t<img decoding=\"async\" alt=\"photo-section\" class=\"Photo\" src=\"https:\/\/easylife.digi-prod.fr\/wp-content\/uploads\/2025\/07\/repassage.png\" \/>\n\t\t\t\t\t\t\t\t\t\t\t\t\t\t\t\t          <img decoding=\"async\" alt=\"photo-section\" class=\"Photo-3\" src=\"https:\/\/easylife.digi-prod.fr\/wp-content\/uploads\/2025\/07\/tmpsddyoav6-950x633.png\" \/>\n\t\t\t\t\t\t\t\t\t\t\t\t\t\t\t\t          <img decoding=\"async\" alt=\"photo-section\" class=\"Photo-4\" src=\"https:\/\/easylife.digi-prod.fr\/wp-content\/uploads\/2025\/07\/vaiselle.jpg\" \/>\n\t\t\t\t\t\t\t\t\t        <\/div>\n\t\t      <\/div>\n\t\t      <div class=\"col-lg-6 col-md-12 col-sm-12\" data-aos=\"fade-left\" data-aos-delay=\"300\" data-aos-duration=\"500\">\n\t\t      \t<div class=\"about-info heading\">\n\t\t\t\t\t\t\t\t\t\t\t\t\t\t<h3>\n\t\t\t\t\t\t\t\t<span >\n\t        \t\t\t\tEasyLife : qui sommes nous ?\t        \t\t\t<\/span>\n\t\t\t\t\t\t\t<\/h3>\n\t\t\t\t\t\t\t\t\t\t\t\t\t\t\t\t\t\t\t\t\t<div >\n        \t\t\t  <p data-start=\"92\" data-end=\"435\">Des hommes forts, form\u00e9s et souriants viennent \u00e0 bout de vos corv\u00e9es en un clin d\u2019\u0153il : plomberie, mobilier, m\u00e9nage\u2026 rien ne leur r\u00e9siste.<br data-start=\"230\" data-end=\"233\" \/>Notre mission ? Casser les codes de l\u2019aide \u00e0 domicile avec un service cinq \u00e9toiles.<\/p>        \t\t\t<\/div>\n\t\t\t\t\t\t\t\t\t\t\t\t\t\t\t\t\t\t\t\t\t<a href=\"https:\/\/easylife.digi-prod.fr\/index.php\/a-propos\/\" class=\"button\">\n\t\t\t\t\t\t\t\t<span >\n\t        \t\t\t\tEn savoir plus\t        \t\t\t<\/span>\n\t\t\t\t\t\t\t<\/a>\n\t\t\t\t\t\t\t\t\t      \t<\/div>\n\t\t      <\/div>\n\t\t    <\/div>\n\t\t  <\/div>\n\t\t<\/section>\n\n\t\t\t\t\t\t<\/div>\n\t\t\t\t<\/div>\n\t\t\t\t\t<\/div>\n\t\t<\/div>\n\t\t\t\t\t<\/div>\n\t\t<\/section>\n\t\t\t\t<section class=\"elementor-section elementor-top-section elementor-element elementor-element-de8e0fc elementor-section-full_width elementor-section-height-default elementor-section-height-default\" data-id=\"de8e0fc\" data-element_type=\"section\">\n\t\t\t\t\t\t<div class=\"elementor-container elementor-column-gap-no\">\n\t\t\t\t\t<div class=\"elementor-column elementor-col-100 elementor-top-column elementor-element elementor-element-c3b97cb\" data-id=\"c3b97cb\" data-element_type=\"column\">\n\t\t\t<div class=\"elementor-widget-wrap elementor-element-populated\">\n\t\t\t\t\t\t<div class=\"elementor-element elementor-element-15e94ff elementor-widget elementor-widget-samantha-benefits\" data-id=\"15e94ff\" data-element_type=\"widget\" data-widget_type=\"samantha-benefits.default\">\n\t\t\t\t<div class=\"elementor-widget-container\">\n\t\t\t\t\t\n\t\t<section class=\"benefits-section gap no-top\">\n\t\t\t<div class=\"container\">\n\t\t\t\t\t\t\t\t<div class=\"heading\">\n      \t\t<h3>\n\t\t\t\t\t\t<span >\n\t\t\t\t\t\t\tNOS SERVICES\t\t\t\t\t\t<\/span>\n\t\t\t\t\t<\/h3>\n\t\t\t\t<\/div>\n\t\t\t\t\t\t\t\t\t\t\t\t<div class=\"row\">\n\t\t\t\t\t\t\t\t\t\t<div class=\"col-lg-3 col-md-6 col-sm-12\" data-aos=\"fade-left\" data-aos-delay=\"100\" data-aos-duration=\"200\">\n\t\t\t\t\t\t<div class=\"cards\">\n\t\t\t\t\t\t\t\t\t\t\t\t\t\t<h4>\n\t\t\t\t\t\t\t\t\t\t\t\t\t\t\t\t<a href=\"\/appointment\/\">\n\t\t\t\t\t\t\t\t\t\t\t\t\t\t\t\t\t<span >\n\t\t\t\t\t\t\t\t\t\tM\u00e9nage de Choc\t\t\t\t\t\t\t\t\t<\/span>\n\t\t\t\t\t\t\t\t\t\t\t\t\t\t\t\t<\/a>\n\t\t\t\t\t\t\t\t\t\t\t\t\t\t\t<\/h4>\n\t\t\t\t\t\t\t\t\t\t\t\t\t\t\t\t\t\t\t\t\t<p>\n\t\t\t\t\t\t\t\t<span >\n\t\t\t\t\t\t\t\t\tUn passage en force pour une maison \u00e9clatante, sans que vous leviez le petit doigt.\n\t\t\t\t\t\t\t\t<\/span>\n\t\t\t\t\t\t\t<\/p>\n\t\t\t\t\t\t\t\t\t\t\t\t\t<\/div>\n\t\t\t\t\t<\/div>\n\t\t\t\t\t\t\t\t\t\t<div class=\"col-lg-3 col-md-6 col-sm-12\" data-aos=\"fade-left\" data-aos-delay=\"200\" data-aos-duration=\"400\">\n\t\t\t\t\t\t<div class=\"cards\">\n\t\t\t\t\t\t\t\t\t\t\t\t\t\t<h4>\n\t\t\t\t\t\t\t\t\t\t\t\t\t\t\t\t<a href=\"\/appointment\/\">\n\t\t\t\t\t\t\t\t\t\t\t\t\t\t\t\t\t<span >\n\t\t\t\t\t\t\t\t\t\tRepassage Bodybuild\u00e9\t\t\t\t\t\t\t\t\t\t<\/span>\n\t\t\t\t\t\t\t\t\t\t\t\t\t\t\t\t<\/a>\n\t\t\t\t\t\t\t\t\t\t\t\t\t\t\t<\/h4>\n\t\t\t\t\t\t\t\t\t\t\t\t\t\t\t\t\t\t\t\t\t<p>\n\t\t\t\t\t\t\t\t<span >\n\t\t\t\t\t\t\t\t\tDes hommes qui manient la centrale vapeur plus vite que vous ne d\u00eetes \u00ab faux pli \u00bb.\t\t\t\t\t\t\t\t<\/span>\n\t\t\t\t\t\t\t<\/p>\n\t\t\t\t\t\t\t\t\t\t\t\t\t<\/div>\n\t\t\t\t\t<\/div>\n\t\t\t\t\t\t\t\t\t\t<div class=\"col-lg-3 col-md-6 col-sm-12\" data-aos=\"fade-left\" data-aos-delay=\"300\" data-aos-duration=\"600\">\n\t\t\t\t\t\t<div class=\"cards\">\n\t\t\t\t\t\t\t\t\t\t\t\t\t\t<h4>\n\t\t\t\t\t\t\t\t\t\t\t\t\t\t\t\t<a href=\"\/appointment\/\">\n\t\t\t\t\t\t\t\t\t\t\t\t\t\t\t\t\t<span >\n\t\t\t\t\t\t\t\t\t\tEntretien &amp; r\u00e9parations\t\t\t\t\t\t\t\t\t<\/span>\n\t\t\t\t\t\t\t\t\t\t\t\t\t\t\t\t<\/a>\n\t\t\t\t\t\t\t\t\t\t\t\t\t\t\t<\/h4>\n\t\t\t\t\t\t\t\t\t\t\t\t\t\t\t\t\t\t\t\t\t<p>\n\t\t\t\t\t\t\t\t<span >\n\t\t\t\t\t\t\t\t\tAmpoule grill\u00e9e, \u00e9vier bouch\u00e9 ou clou \u00e0 planter : on remet \u00e0 z\u00e9ro de vos soucis.\t\t\t\t\t\t\t\t<\/span>\n\t\t\t\t\t\t\t<\/p>\n\t\t\t\t\t\t\t\t\t\t\t\t\t<\/div>\n\t\t\t\t\t<\/div>\n\t\t\t\t\t\t\t\t\t\t<div class=\"col-lg-3 col-md-6 col-sm-12\" data-aos=\"fade-left\" data-aos-delay=\"400\" data-aos-duration=\"800\">\n\t\t\t\t\t\t<div class=\"cards\">\n\t\t\t\t\t\t\t\t\t\t\t\t\t\t<h4>\n\t\t\t\t\t\t\t\t\t\t\t\t\t\t\t\t<a href=\"\/appointment\/\">\n\t\t\t\t\t\t\t\t\t\t\t\t\t\t\t\t\t<span >\n\t\t\t\t\t\t\t\t\t\tR\u00e9agencement express\t\t\t\t\t\t\t\t\t<\/span>\n\t\t\t\t\t\t\t\t\t\t\t\t\t\t\t\t<\/a>\n\t\t\t\t\t\t\t\t\t\t\t\t\t\t\t<\/h4>\n\t\t\t\t\t\t\t\t\t\t\t\t\t\t\t\t\t\t\t\t\t<p>\n\t\t\t\t\t\t\t\t<span >\n\t\t\t\t\t\t\t\t\tNos colosses d\u00e9placent et optimisent tout votre mobilier en un clin d\u2019\u0153il.\t\t\t\t\t\t\t\t<\/span>\n\t\t\t\t\t\t\t<\/p>\n\t\t\t\t\t\t\t\t\t\t\t\t\t<\/div>\n\t\t\t\t\t<\/div>\n\t\t\t\t\t\t\t\t\t<\/div>\n\t\t\t\t\t\t\t<\/div>\n\t\t<\/section>\n\n\t\t\t\t\t\t<\/div>\n\t\t\t\t<\/div>\n\t\t\t\t\t<\/div>\n\t\t<\/div>\n\t\t\t\t\t<\/div>\n\t\t<\/section>\n\t\t\t\t<section class=\"elementor-section elementor-top-section elementor-element elementor-element-b1b456a elementor-section-full_width elementor-section-height-default elementor-section-height-default\" data-id=\"b1b456a\" data-element_type=\"section\">\n\t\t\t\t\t\t<div class=\"elementor-container elementor-column-gap-no\">\n\t\t\t\t\t<div class=\"elementor-column elementor-col-100 elementor-top-column elementor-element elementor-element-8aa956d\" data-id=\"8aa956d\" data-element_type=\"column\">\n\t\t\t<div class=\"elementor-widget-wrap elementor-element-populated\">\n\t\t\t\t\t\t<div class=\"elementor-element elementor-element-5cb0112 elementor-widget elementor-widget-samantha-testimonials-carousel\" data-id=\"5cb0112\" data-element_type=\"widget\" data-widget_type=\"samantha-testimonials-carousel.default\">\n\t\t\t\t<div class=\"elementor-widget-container\">\n\t\t\t\t\t\n\t\t\n\t\t<section class=\"testimonials-section gap \">\n\t\t\t<div class=\"container-fluid\">\n\t\t\t\t\t\t\t\t<div class=\"heading\" data-aos=\"fade-up\" data-aos-delay=\"200\" data-aos-duration=\"400\">\n\t\t\t\t\t\t\t\t\t\t<h3>\n\t\t\t\t\t\t<span >\n\t\t\t\t\t\t\tNos client temoignent\t\t\t\t\t\t<\/span>\n\t\t\t\t\t<\/h3>\n\t\t\t\t\t\t\t\t\t\t\t\t\t\t\t<p>\n\t\t\t\t\t\t<span >\n\t\t\t\t\t\t\tIls ont test\u00e9 EasyLife\u2026 et ils en parlent mieux que nous.\t\t\t\t\t\t<\/span>\n\t\t\t\t\t<\/p>\n\t\t\t\t\t\t\t\t\t<\/div>\n\t\t\t\t\n\t\t\t\t\t\t\t\t<div class=\"row loop-slider owl-carousel owl-theme\" data-aos=\"fade-up\" data-aos-delay=\"300\" data-aos-duration=\"500\">\n\t\t\t\t\t\t\t\t\t\t<div class=\"col-lg-12 item\">\n\t\t\t\t\t\t<div class=\"slider\">\n\t\t\t\t\t\t\t<div class=\"slider-img beforeAfter hover-style\">\n\t\t\t\t\t\t\t\t\t\t\t\t\t\t\t\t<img decoding=\"async\" alt=\"slider\" src=\"https:\/\/easylife.digi-prod.fr\/wp-content\/uploads\/2025\/07\/tem-2-950x1573.jpg\" \/>\n\t\t\t\t\t\t\t\t\t\t\t\t\t\t\t\t\t\t\t\t\t\t\t\t<img decoding=\"async\" alt=\"slider\" src=\"https:\/\/easylife.digi-prod.fr\/wp-content\/uploads\/2025\/07\/tem-2b-950x1573.jpg\" \/>\n\t\t\t\t\t\t\t\t\t\t\t\t\t\t\t<\/div>\n\t\t\t\t\t\t\t<div class=\"blockquote\">\n\t\t\t\t\t\t\t\t\t\t\t\t\t\t\t\t<div >\n\t\t\t\t\t\t\t\t\t<p>Pile de chemises repass\u00e9es, z\u00e9ro plis : comme quoi on peut avoir des biceps et manier parfaitement la centrale vapeur !<\/p>\t\t\t\t\t\t\t\t<\/div>\n\t\t\t\t\t\t\t\t\t\t\t\t\t\t\t\t<div class=\"slider-na\">\n\t\t\t\t\t\t\t\t\t\t\t\t\t\t\t\t\t\t<img decoding=\"async\" alt=\"Annie G.\" src=\"https:\/\/easylife.digi-prod.fr\/wp-content\/uploads\/2025\/07\/tem22-140x140.png\" \/>\n\t\t\t\t\t\t\t\t\t\t\t\t\t\t\t\t\t\t<div class=\"first-name\">\n\t\t\t\t\t\t\t\t\t\t\t\t\t\t\t\t\t\t\t\t<h5>\n\t\t\t\t\t\t\t\t\t\t\t<span >\n\t                      Annie G.\t                    <\/span>\n\t\t\t\t\t\t\t\t\t\t<\/h5>\n\t\t\t\t\t\t\t\t\t\t\t\t\t\t\t\t\t\t\t\t\t\t\t\t\t\t\t\t\t\t<p>\n\t\t\t\t\t\t\t\t\t\t\t<span >\n\t                      <b>Service concern\u00e9 :<\/b><br> Repassage\t                    <\/span>\n\t\t\t\t\t\t\t\t\t\t<\/p>\n\t\t\t\t\t\t\t\t\t\t\t\t\t\t\t\t\t\t\t<\/div>\n\t\t\t\t\t\t\t\t<\/div>\n\t\t\t\t\t\t\t<\/div>\n\n\t\t\t\t\t\t<\/div>\n\t\t\t\t\t<\/div>\n\t\t\t\t\t\t\t\t\t\t<div class=\"col-lg-12 item\">\n\t\t\t\t\t\t<div class=\"slider\">\n\t\t\t\t\t\t\t<div class=\"slider-img beforeAfter hover-style\">\n\t\t\t\t\t\t\t\t\t\t\t\t\t\t\t\t<img decoding=\"async\" alt=\"slider\" src=\"https:\/\/easylife.digi-prod.fr\/wp-content\/uploads\/2025\/07\/tem-1-950x1573.jpg\" \/>\n\t\t\t\t\t\t\t\t\t\t\t\t\t\t\t\t\t\t\t\t\t\t\t\t<img decoding=\"async\" alt=\"slider\" src=\"https:\/\/easylife.digi-prod.fr\/wp-content\/uploads\/2025\/07\/tem-1b-950x1573.jpg\" \/>\n\t\t\t\t\t\t\t\t\t\t\t\t\t\t\t<\/div>\n\t\t\t\t\t\t\t<div class=\"blockquote\">\n\t\t\t\t\t\t\t\t\t\t\t\t\t\t\t\t<div >\n\t\t\t\t\t\t\t\t\t<p>Sols impeccables et vitres sans une seule trace... Giles est aux petits soins pour ma maison, et sympathique de surcro\u00eet<\/p>\t\t\t\t\t\t\t\t<\/div>\n\t\t\t\t\t\t\t\t\t\t\t\t\t\t\t\t<div class=\"slider-na\">\n\t\t\t\t\t\t\t\t\t\t\t\t\t\t\t\t\t\t<img decoding=\"async\" alt=\"\u00c9lodie P.\" src=\"https:\/\/easylife.digi-prod.fr\/wp-content\/uploads\/2025\/07\/tem11-140x140.png\" \/>\n\t\t\t\t\t\t\t\t\t\t\t\t\t\t\t\t\t\t<div class=\"first-name\">\n\t\t\t\t\t\t\t\t\t\t\t\t\t\t\t\t\t\t\t\t<h5>\n\t\t\t\t\t\t\t\t\t\t\t<span >\n\t                      \u00c9lodie P.\t                    <\/span>\n\t\t\t\t\t\t\t\t\t\t<\/h5>\n\t\t\t\t\t\t\t\t\t\t\t\t\t\t\t\t\t\t\t\t\t\t\t\t\t\t\t\t\t\t<p>\n\t\t\t\t\t\t\t\t\t\t\t<span >\n\t                      <b>Service concern\u00e9 :<\/b><br> Aide m\u00e9nag\u00e8re\t                    <\/span>\n\t\t\t\t\t\t\t\t\t\t<\/p>\n\t\t\t\t\t\t\t\t\t\t\t\t\t\t\t\t\t\t\t<\/div>\n\t\t\t\t\t\t\t\t<\/div>\n\t\t\t\t\t\t\t<\/div>\n\n\t\t\t\t\t\t<\/div>\n\t\t\t\t\t<\/div>\n\t\t\t\t\t\t\t\t\t\t<div class=\"col-lg-12 item\">\n\t\t\t\t\t\t<div class=\"slider\">\n\t\t\t\t\t\t\t<div class=\"slider-img beforeAfter hover-style\">\n\t\t\t\t\t\t\t\t\t\t\t\t\t\t\t\t<img decoding=\"async\" alt=\"slider\" src=\"https:\/\/easylife.digi-prod.fr\/wp-content\/uploads\/2025\/07\/tem-3-950x1573.jpg\" \/>\n\t\t\t\t\t\t\t\t\t\t\t\t\t\t\t\t\t\t\t\t\t\t\t\t<img decoding=\"async\" alt=\"slider\" src=\"https:\/\/easylife.digi-prod.fr\/wp-content\/uploads\/2025\/07\/tem-3b-950x1573.jpg\" \/>\n\t\t\t\t\t\t\t\t\t\t\t\t\t\t\t<\/div>\n\t\t\t\t\t\t\t<div class=\"blockquote\">\n\t\t\t\t\t\t\t\t\t\t\t\t\t\t\t\t<div >\n\t\t\t\t\t\t\t\t\t<p>Une ampoule grill\u00e9e dans l\u2019entr\u00e9e, une \u00e9tag\u00e8re bancale dans le salon, une poign\u00e9e capricieuse dans la cuisine : j\u2019avais laiss\u00e9 tra\u00eener ces bricoles depuis des mois. EasyLife ont tout remis en \u00e9tat !<\/p>\t\t\t\t\t\t\t\t<\/div>\n\t\t\t\t\t\t\t\t\t\t\t\t\t\t\t\t<div class=\"slider-na\">\n\t\t\t\t\t\t\t\t\t\t\t\t\t\t\t\t\t\t<img decoding=\"async\" alt=\"Laurence D.\" src=\"https:\/\/easylife.digi-prod.fr\/wp-content\/uploads\/2025\/07\/tem33-140x140.png\" \/>\n\t\t\t\t\t\t\t\t\t\t\t\t\t\t\t\t\t\t<div class=\"first-name\">\n\t\t\t\t\t\t\t\t\t\t\t\t\t\t\t\t\t\t\t\t<h5>\n\t\t\t\t\t\t\t\t\t\t\t<span >\n\t                      Laurence D.\t                    <\/span>\n\t\t\t\t\t\t\t\t\t\t<\/h5>\n\t\t\t\t\t\t\t\t\t\t\t\t\t\t\t\t\t\t\t\t\t\t\t\t\t\t\t\t\t\t<p>\n\t\t\t\t\t\t\t\t\t\t\t<span >\n\t                      <b>Service concern\u00e9 :<\/b><br> Petits bricolages\t                    <\/span>\n\t\t\t\t\t\t\t\t\t\t<\/p>\n\t\t\t\t\t\t\t\t\t\t\t\t\t\t\t\t\t\t\t<\/div>\n\t\t\t\t\t\t\t\t<\/div>\n\t\t\t\t\t\t\t<\/div>\n\n\t\t\t\t\t\t<\/div>\n\t\t\t\t\t<\/div>\n\t\t\t\t\t\t\t\t\t<\/div>\n\t\t\t\t\t\t\t<\/div>\n\t\t<\/section>\n\n\t\t\n\t\t\t\t\t\t<\/div>\n\t\t\t\t<\/div>\n\t\t\t\t<div class=\"elementor-element elementor-element-a551401 elementor-widget elementor-widget-samantha-cta\" data-id=\"a551401\" data-element_type=\"widget\" data-widget_type=\"samantha-cta.default\">\n\t\t\t\t<div class=\"elementor-widget-container\">\n\t\t\t\t\t\n\t\t<section class=\"ready-to\">\n\t\t\t<div class=\"container\">\n\t\t\t\t<div class=\"row align-items-center\">\n\t\t\t\t\t\t<div class=\"col-lg-6 col-md-12 col-sm-12\" data-aos=\"fade-right\" data-aos-delay=\"200\" data-aos-duration=\"400\">\n\t\t\t\t\t\t\t<div class=\"gorgeous\">\n\t\t\t\t\t\t\t\t\t\t\t\t\t\t\t  <img decoding=\"async\" alt=\"background-image\" class=\"gorg\" src=\"https:\/\/easylife.digi-prod.fr\/wp-content\/uploads\/2025\/07\/fond2.png\" \/>\n\t\t\t\t\t\t\t\t\t\t\t\t\t\t\t\t\t\t\t\t\t\t\t  <img decoding=\"async\" alt=\"Pr\u00eat \u00e0 vous &lt;br&gt;simplifier la vie ?\" src=\"https:\/\/easylife.digi-prod.fr\/wp-content\/uploads\/2025\/07\/output-2.png\" \/>\n\t\t\t\t\t\t\t\t\t\t\t\t\t\t\t<\/div>\n\t\t\t\t\t\t<\/div>\n\t\t\t\t\t\t<div class=\"col-lg-6 col-md-12 col-sm-12\" data-aos=\"fade-left\" data-aos-delay=\"300\" data-aos-duration=\"500\">\n\t\t\t\t\t\t\t<div class=\"heading\">\n\t\t\t\t\t\t\t\t\t\t\t\t\t\t\t\t<h3>\n\t\t\t\t\t\t\t\t\t<span >\n\t\t\t\t\t\t\t\t\t\tPr\u00eat \u00e0 vous <br>simplifier la vie ?\t\t\t\t\t\t\t\t\t<\/span>\n\t\t\t\t\t\t\t\t<\/h3>\n\t\t\t\t\t\t\t\t\t\t\t\t\t\t\t\t\t\t\t\t\t\t\t\t<div >\n\t\t\t\t\t\t\t\t\t<p>Profitez de <strong data-start=\"113\" data-end=\"154\">-30 % sur votre premi\u00e8re intervention<\/strong> (m\u00e9nage, repassage, bricolage) et testez la force tranquille de nos experts.<\/p><p><em data-start=\"385\" data-end=\"440\">\u2714\ufe0f D\u00e9p\u00eachez-vous : offre valable jusqu\u2019au 23\/07\/2025.<br \/><\/em><strong>Code \u00e0 utiliser : MUSCLE30<\/strong><\/p>\t\t\t\t\t\t\t\t<\/div>\n\t\t\t\t\t\t\t\t\t\t\t\t\t\t\t\t\t\t\t\t\t\t\t\t<a href=\"http:\/\/easylife.digi-prod.fr\/index.php\/appointment\/\" class=\"button\">\n\t\t\t\t\t\t\t\t\t<span >\n\t                  Je prends RDV\t                <\/span>\n\t\t\t\t\t\t\t\t<\/a>\n\t\t\t\t\t\t\t\t\t      \t\t\t<\/div>\n\t\t\t\t\t\t<\/div>\n\t\t\t\t<\/div>\n\t\t\t<\/div>\n\t\t<\/section>\n\n\t\t\t\t\t\t<\/div>\n\t\t\t\t<\/div>\n\t\t\t\t\t<\/div>\n\t\t<\/div>\n\t\t\t\t\t<\/div>\n\t\t<\/section>\n\t\t\t\t<\/div>\n\t\t","protected":false},"excerpt":{"rendered":"<p>L&#8217;aide \u00e0 domicile la plus muscl\u00e9e du quotidien ! Enfin une soci\u00e9t\u00e9 d&#8217;aide \u00e0 domicile qui casse les codes&#8230; vos.. <span class=\"smth-el-more\"><a href=\"https:\/\/easylife.digi-prod.fr\/\" class=\"smth-readmore\">Read more<i class=\"fas fa-arrow-right\"><\/i><\/a><\/span><\/p>\n","protected":false},"author":1,"featured_media":0,"parent":0,"menu_order":0,"comment_status":"closed","ping_status":"closed","template":"","meta":{"_acf_changed":false,"inline_featured_image":false,"footnotes":""},"class_list":["post-14","page","type-page","status-publish","hentry"],"acf":[],"_links":{"self":[{"href":"https:\/\/easylife.digi-prod.fr\/index.php\/wp-json\/wp\/v2\/pages\/14","targetHints":{"allow":["GET"]}}],"collection":[{"href":"https:\/\/easylife.digi-prod.fr\/index.php\/wp-json\/wp\/v2\/pages"}],"about":[{"href":"https:\/\/easylife.digi-prod.fr\/index.php\/wp-json\/wp\/v2\/types\/page"}],"author":[{"embeddable":true,"href":"https:\/\/easylife.digi-prod.fr\/index.php\/wp-json\/wp\/v2\/users\/1"}],"replies":[{"embeddable":true,"href":"https:\/\/easylife.digi-prod.fr\/index.php\/wp-json\/wp\/v2\/comments?post=14"}],"version-history":[{"count":79,"href":"https:\/\/easylife.digi-prod.fr\/index.php\/wp-json\/wp\/v2\/pages\/14\/revisions"}],"predecessor-version":[{"id":1506,"href":"https:\/\/easylife.digi-prod.fr\/index.php\/wp-json\/wp\/v2\/pages\/14\/revisions\/1506"}],"wp:attachment":[{"href":"https:\/\/easylife.digi-prod.fr\/index.php\/wp-json\/wp\/v2\/media?parent=14"}],"curies":[{"name":"wp","href":"https:\/\/api.w.org\/{rel}","templated":true}]}}