{"id":437,"date":"2023-01-25T00:32:28","date_gmt":"2023-01-25T00:32:28","guid":{"rendered":"https:\/\/samantha-demo.bslthemes.com\/?page_id=437"},"modified":"2025-07-17T23:43:48","modified_gmt":"2025-07-17T23:43:48","slug":"appointment","status":"publish","type":"page","link":"https:\/\/easylife.digi-prod.fr\/index.php\/appointment\/","title":{"rendered":"Appointment"},"content":{"rendered":"\t\t<div data-elementor-type=\"wp-page\" data-elementor-id=\"437\" class=\"elementor elementor-437\">\n\t\t\t\t\t\t<section class=\"elementor-section elementor-top-section elementor-element elementor-element-5208452 elementor-section-full_width elementor-section-height-default elementor-section-height-default\" data-id=\"5208452\" data-element_type=\"section\">\n\t\t\t\t\t\t<div class=\"elementor-container elementor-column-gap-no\">\n\t\t\t\t\t<div class=\"elementor-column elementor-col-100 elementor-top-column elementor-element elementor-element-8a1f702\" data-id=\"8a1f702\" data-element_type=\"column\">\n\t\t\t<div class=\"elementor-widget-wrap elementor-element-populated\">\n\t\t\t\t\t\t<div class=\"elementor-element elementor-element-adc4bd5 elementor-widget elementor-widget-samantha-appointment-1\" data-id=\"adc4bd5\" data-element_type=\"widget\" data-widget_type=\"samantha-appointment-1.default\">\n\t\t\t\t<div class=\"elementor-widget-container\">\n\t\t\t\t\t\n\t\t\n\t\t<section class=\"apointment-one gap no-top\" style=\"background-image: url('https:\/\/easylife.digi-prod.fr\/wp-content\/uploads\/2025\/07\/blur3.png');\">\n\t\t\t<div class=\"container\">\n\n\t\t\t\t\n\t\t\t\t<div class=\"apointment\" data-aos=\"fade-right\" data-aos-delay=\"200\" data-aos-duration=\"400\">\n\t\t\t\t\t\t\t\t\t\t<img decoding=\"async\" alt=\"image\" src=\"https:\/\/easylife.digi-prod.fr\/wp-content\/uploads\/2025\/07\/out-0.png\" \/>\n\t\t\t\t\t\t\t\t\t\t\t\t\t\t\t<h3>\n\t\t\t\t\t\t<span >\n\t\t\t\t\t\t\tDiego est pr\u00eat... et vous ?\t\t\t\t\t\t<\/span>\n\t\t\t\t\t<\/h3>\n\t\t\t\t\t\t\t\t\t<\/div>\n\t\t\t\t<div class=\"form-apointment\" data-aos=\"fade-left\" data-aos-delay=\"300\" data-aos-duration=\"500\">\n\t\t\t\t\t\t\t\t\t\t\t\t<h2>\n\t\t\t\t\t\t\t<span >\n\t\t\t\t\t\t\t\tRecevez votre devis gratuit\t\t\t\t\t\t\t<\/span>\n\t\t\t\t\t\t<\/h2>\n\t\t\t\t\t\t\t\t\t\t\t\t\t\t\t\t\t\t<p>\n\t\t\t\t\t\t\t<span >\n\t\t\t\t\t\t\t\tRejoignez d\u00e9j\u00e0 nos clients convaincus, et transformez vos t\u00e2ches m\u00e9nag\u00e8res en un moment hors du commun.\t\t\t\t\t\t\t<\/span>\n\t\t\t\t\t\t<\/p>\n\t\t\t\t\t\t\t\t\t\t\t\t\t\t\t\t\t\t<div class=\"about-form\">\n\t\t\t\t\t\t\t\t\n<div class=\"wpcf7 no-js\" id=\"wpcf7-f443-o1\" lang=\"en-US\" dir=\"ltr\" data-wpcf7-id=\"443\">\n<div class=\"screen-reader-response\"><p role=\"status\" aria-live=\"polite\" aria-atomic=\"true\"><\/p> <ul><\/ul><\/div>\n<form action=\"\/index.php\/wp-json\/wp\/v2\/pages\/437#wpcf7-f443-o1\" method=\"post\" class=\"wpcf7-form init\" aria-label=\"Contact form\" novalidate=\"novalidate\" data-status=\"init\">\n<fieldset class=\"hidden-fields-container\"><input type=\"hidden\" name=\"_wpcf7\" value=\"443\" \/><input type=\"hidden\" name=\"_wpcf7_version\" value=\"6.1\" \/><input type=\"hidden\" name=\"_wpcf7_locale\" value=\"en_US\" \/><input type=\"hidden\" name=\"_wpcf7_unit_tag\" value=\"wpcf7-f443-o1\" \/><input type=\"hidden\" name=\"_wpcf7_container_post\" value=\"0\" \/><input type=\"hidden\" name=\"_wpcf7_posted_data_hash\" value=\"\" \/>\n<\/fieldset>\n<div style=\"display:none!important;\">\n<span class=\"wpcf7-form-control-wrap\" data-name=\"cf-day\"><input size=\"40\" maxlength=\"400\" class=\"wpcf7-form-control wpcf7-text\" aria-invalid=\"false\" value=\"none\" type=\"text\" name=\"cf-day\" \/><\/span>\n<\/div>\n<span class=\"wpcf7-form-control-wrap\" data-name=\"cf-advice\"><select class=\"wpcf7-form-control wpcf7-select wpcf7-validates-as-required nice-select Advice\" aria-required=\"true\" aria-invalid=\"false\" name=\"cf-advice\"><option value=\"M\u00e9nage\">M\u00e9nage<\/option><option value=\"Repassage\">Repassage<\/option><option value=\"Bricolage\">Bricolage<\/option><option value=\"R\u00e9agencement\">R\u00e9agencement<\/option><\/select><\/span>\n<br>\n<div id=\"weekdays\"><\/div>\n\n<span class=\"wpcf7-form-control-wrap\" data-name=\"cf-name\"><input size=\"40\" maxlength=\"400\" class=\"wpcf7-form-control wpcf7-text wpcf7-validates-as-required\" aria-required=\"true\" aria-invalid=\"false\" placeholder=\"Votre nom\" value=\"\" type=\"text\" name=\"cf-name\" \/><\/span>\n<span class=\"wpcf7-form-control-wrap\" data-name=\"cf-tel\"><input size=\"40\" maxlength=\"400\" class=\"wpcf7-form-control wpcf7-tel wpcf7-validates-as-required wpcf7-text wpcf7-validates-as-tel\" aria-required=\"true\" aria-invalid=\"false\" placeholder=\"Votre num\u00e9ro de t\u00e9l\u00e9phone\" value=\"\" type=\"tel\" name=\"cf-tel\" \/><\/span>\n<span class=\"wpcf7-form-control-wrap\" data-name=\"cf-email\"><input size=\"40\" maxlength=\"400\" class=\"wpcf7-form-control wpcf7-email wpcf7-validates-as-required wpcf7-text wpcf7-validates-as-email\" aria-required=\"true\" aria-invalid=\"false\" placeholder=\"Votre email\" value=\"\" type=\"email\" name=\"cf-email\" \/><\/span>\n<button type=\"submit\" class=\"button\">Obtenir un devis<\/button><div class=\"wpcf7-response-output\" aria-hidden=\"true\"><\/div>\n<\/form>\n<\/div>\n\t\t\t\t\t\t<\/div>\n\t\t\t\t\t\t\t\t\t\t<\/div>\n\t\t\t\t\t\t\t<\/div>\n\t\t<\/section>\n\n\t\t\t\t\t\t<\/div>\n\t\t\t\t<\/div>\n\t\t\t\t\t<\/div>\n\t\t<\/div>\n\t\t\t\t\t<\/div>\n\t\t<\/section>\n\t\t\t\t<\/div>\n\t\t","protected":false},"excerpt":{"rendered":"<p>Diego est pr\u00eat&#8230; et vous ? Recevez votre devis gratuit Rejoignez d\u00e9j\u00e0 nos clients convaincus, et transformez vos t\u00e2ches m\u00e9nag\u00e8res.. <span class=\"smth-el-more\"><a href=\"https:\/\/easylife.digi-prod.fr\/index.php\/appointment\/\" class=\"smth-readmore\">Read more<i class=\"fas fa-arrow-right\"><\/i><\/a><\/span><\/p>\n","protected":false},"author":1,"featured_media":0,"parent":0,"menu_order":0,"comment_status":"closed","ping_status":"closed","template":"","meta":{"_acf_changed":false,"inline_featured_image":false,"footnotes":""},"class_list":["post-437","page","type-page","status-publish","hentry"],"acf":[],"_links":{"self":[{"href":"https:\/\/easylife.digi-prod.fr\/index.php\/wp-json\/wp\/v2\/pages\/437","targetHints":{"allow":["GET"]}}],"collection":[{"href":"https:\/\/easylife.digi-prod.fr\/index.php\/wp-json\/wp\/v2\/pages"}],"about":[{"href":"https:\/\/easylife.digi-prod.fr\/index.php\/wp-json\/wp\/v2\/types\/page"}],"author":[{"embeddable":true,"href":"https:\/\/easylife.digi-prod.fr\/index.php\/wp-json\/wp\/v2\/users\/1"}],"replies":[{"embeddable":true,"href":"https:\/\/easylife.digi-prod.fr\/index.php\/wp-json\/wp\/v2\/comments?post=437"}],"version-history":[{"count":6,"href":"https:\/\/easylife.digi-prod.fr\/index.php\/wp-json\/wp\/v2\/pages\/437\/revisions"}],"predecessor-version":[{"id":1427,"href":"https:\/\/easylife.digi-prod.fr\/index.php\/wp-json\/wp\/v2\/pages\/437\/revisions\/1427"}],"wp:attachment":[{"href":"https:\/\/easylife.digi-prod.fr\/index.php\/wp-json\/wp\/v2\/media?parent=437"}],"curies":[{"name":"wp","href":"https:\/\/api.w.org\/{rel}","templated":true}]}}